{"id":3830,"date":"2022-09-27T12:10:41","date_gmt":"2022-09-27T12:10:41","guid":{"rendered":"https:\/\/www.bn.cv\/lojaonline\/?post_type=product&#038;p=3830"},"modified":"2022-09-27T12:10:41","modified_gmt":"2022-09-27T12:10:41","slug":"mulheres-democracia-e-desafios-pos-colonias","status":"publish","type":"product","link":"https:\/\/www.bn.cv\/lojaonline\/produto\/mulheres-democracia-e-desafios-pos-colonias\/","title":{"rendered":"Mulheres, Democracia e Desafios P\u00f3s-Colonias"},"content":{"rendered":"","protected":false},"excerpt":{"rendered":"<p><strong style=\"font-size: 1rem;\">Uma An\u00e1lise da Participa\u00e7\u00e3o Pol\u00edtica das Mulheres em Cabo Verde<\/strong><span style=\"font-size: 1rem;\">\u00a0 \u00a0 \u00a0 \u00a0 \u00a0<\/span><\/p>\n<p><strong>Editor<\/strong>: Edi\u00e7\u00f5es Uni-CV, 2009<\/p>\n<p><strong>N\u00ba de P\u00e1ginas: <\/strong>191<\/p>\n<p>&nbsp;<\/p>\n","protected":false},"featured_media":3805,"comment_status":"open","ping_status":"closed","template":"","meta":{"_eb_attr":"","om_disable_all_campaigns":false,"_themeisle_gutenberg_block_has_review":false},"product_brand":[],"product_cat":[46],"product_tag":[],"class_list":{"0":"post-3830","1":"product","2":"type-product","3":"status-publish","4":"has-post-thumbnail","6":"product_cat-cientifico","7":"pa_book-author-euridice-furtado-monteiro","9":"first","10":"instock","11":"shipping-taxable","12":"purchasable","13":"product-type-simple"},"aioseo_notices":[],"jetpack_sharing_enabled":true,"_links":{"self":[{"href":"https:\/\/www.bn.cv\/lojaonline\/wp-json\/wp\/v2\/product\/3830","targetHints":{"allow":["GET"]}}],"collection":[{"href":"https:\/\/www.bn.cv\/lojaonline\/wp-json\/wp\/v2\/product"}],"about":[{"href":"https:\/\/www.bn.cv\/lojaonline\/wp-json\/wp\/v2\/types\/product"}],"replies":[{"embeddable":true,"href":"https:\/\/www.bn.cv\/lojaonline\/wp-json\/wp\/v2\/comments?post=3830"}],"wp:featuredmedia":[{"embeddable":true,"href":"https:\/\/www.bn.cv\/lojaonline\/wp-json\/wp\/v2\/media\/3805"}],"wp:attachment":[{"href":"https:\/\/www.bn.cv\/lojaonline\/wp-json\/wp\/v2\/media?parent=3830"}],"wp:term":[{"taxonomy":"product_brand","embeddable":true,"href":"https:\/\/www.bn.cv\/lojaonline\/wp-json\/wp\/v2\/product_brand?post=3830"},{"taxonomy":"product_cat","embeddable":true,"href":"https:\/\/www.bn.cv\/lojaonline\/wp-json\/wp\/v2\/product_cat?post=3830"},{"taxonomy":"product_tag","embeddable":true,"href":"https:\/\/www.bn.cv\/lojaonline\/wp-json\/wp\/v2\/product_tag?post=3830"}],"curies":[{"name":"wp","href":"https:\/\/api.w.org\/{rel}","templated":true}]}}