{"id":3826,"date":"2022-09-27T11:58:31","date_gmt":"2022-09-27T11:58:31","guid":{"rendered":"https:\/\/www.bn.cv\/lojaonline\/?post_type=product&#038;p=3826"},"modified":"2022-09-27T11:58:31","modified_gmt":"2022-09-27T11:58:31","slug":"catalogo-do-inventario-do-patrimonio-cultural-imaterial","status":"publish","type":"product","link":"https:\/\/www.bn.cv\/lojaonline\/produto\/catalogo-do-inventario-do-patrimonio-cultural-imaterial\/","title":{"rendered":"Cat\u00e1logo do Invent\u00e1rio do Patrim\u00f3nio Cultural Imaterial"},"content":{"rendered":"","protected":false},"excerpt":{"rendered":"<p><strong>Concelho de Ribeira grande de Santiago <\/strong><\/p>\n<p><strong>Editor<\/strong>: Instituto do Patrim\u00f3nio Cultural, 2020<\/p>\n<p><strong>N\u00ba de P\u00e1ginas: <\/strong>86<\/p>\n","protected":false},"featured_media":3809,"comment_status":"open","ping_status":"closed","template":"","meta":{"_eb_attr":"","om_disable_all_campaigns":false,"_themeisle_gutenberg_block_has_review":false},"product_brand":[],"product_cat":[75],"product_tag":[],"class_list":{"0":"post-3826","1":"product","2":"type-product","3":"status-publish","4":"has-post-thumbnail","6":"product_cat-guia_turismo","7":"pa_book-author-instituto-do-patrimonio-cultural","9":"first","10":"instock","11":"shipping-taxable","12":"purchasable","13":"product-type-simple"},"aioseo_notices":[],"jetpack_sharing_enabled":true,"_links":{"self":[{"href":"https:\/\/www.bn.cv\/lojaonline\/wp-json\/wp\/v2\/product\/3826","targetHints":{"allow":["GET"]}}],"collection":[{"href":"https:\/\/www.bn.cv\/lojaonline\/wp-json\/wp\/v2\/product"}],"about":[{"href":"https:\/\/www.bn.cv\/lojaonline\/wp-json\/wp\/v2\/types\/product"}],"replies":[{"embeddable":true,"href":"https:\/\/www.bn.cv\/lojaonline\/wp-json\/wp\/v2\/comments?post=3826"}],"wp:featuredmedia":[{"embeddable":true,"href":"https:\/\/www.bn.cv\/lojaonline\/wp-json\/wp\/v2\/media\/3809"}],"wp:attachment":[{"href":"https:\/\/www.bn.cv\/lojaonline\/wp-json\/wp\/v2\/media?parent=3826"}],"wp:term":[{"taxonomy":"product_brand","embeddable":true,"href":"https:\/\/www.bn.cv\/lojaonline\/wp-json\/wp\/v2\/product_brand?post=3826"},{"taxonomy":"product_cat","embeddable":true,"href":"https:\/\/www.bn.cv\/lojaonline\/wp-json\/wp\/v2\/product_cat?post=3826"},{"taxonomy":"product_tag","embeddable":true,"href":"https:\/\/www.bn.cv\/lojaonline\/wp-json\/wp\/v2\/product_tag?post=3826"}],"curies":[{"name":"wp","href":"https:\/\/api.w.org\/{rel}","templated":true}]}}