{"id":3821,"date":"2022-09-27T11:43:26","date_gmt":"2022-09-27T11:43:26","guid":{"rendered":"https:\/\/www.bn.cv\/lojaonline\/?post_type=product&#038;p=3821"},"modified":"2022-09-27T11:43:26","modified_gmt":"2022-09-27T11:43:26","slug":"fecho-os-olhos-para-amar","status":"publish","type":"product","link":"https:\/\/www.bn.cv\/lojaonline\/produto\/fecho-os-olhos-para-amar\/","title":{"rendered":"Fecho Os Olhos para Amar"},"content":{"rendered":"","protected":false},"excerpt":{"rendered":"<p><strong>Editor<\/strong>: Editura \u2013 Central Comum de Edi\u00e7\u00f5es do Minist\u00e9rio da Cultura, 2012<\/p>\n<p><strong>N\u00ba de P\u00e1ginas: <\/strong>97<\/p>\n","protected":false},"featured_media":3814,"comment_status":"open","ping_status":"closed","template":"","meta":{"_eb_attr":"","om_disable_all_campaigns":false,"_themeisle_gutenberg_block_has_review":false},"product_brand":[],"product_cat":[204],"product_tag":[],"class_list":{"0":"post-3821","1":"product","2":"type-product","3":"status-publish","4":"has-post-thumbnail","6":"product_cat-c","7":"pa_book-author-alina-delgado","9":"first","10":"instock","11":"shipping-taxable","12":"purchasable","13":"product-type-simple"},"aioseo_notices":[],"jetpack_sharing_enabled":true,"_links":{"self":[{"href":"https:\/\/www.bn.cv\/lojaonline\/wp-json\/wp\/v2\/product\/3821","targetHints":{"allow":["GET"]}}],"collection":[{"href":"https:\/\/www.bn.cv\/lojaonline\/wp-json\/wp\/v2\/product"}],"about":[{"href":"https:\/\/www.bn.cv\/lojaonline\/wp-json\/wp\/v2\/types\/product"}],"replies":[{"embeddable":true,"href":"https:\/\/www.bn.cv\/lojaonline\/wp-json\/wp\/v2\/comments?post=3821"}],"wp:featuredmedia":[{"embeddable":true,"href":"https:\/\/www.bn.cv\/lojaonline\/wp-json\/wp\/v2\/media\/3814"}],"wp:attachment":[{"href":"https:\/\/www.bn.cv\/lojaonline\/wp-json\/wp\/v2\/media?parent=3821"}],"wp:term":[{"taxonomy":"product_brand","embeddable":true,"href":"https:\/\/www.bn.cv\/lojaonline\/wp-json\/wp\/v2\/product_brand?post=3821"},{"taxonomy":"product_cat","embeddable":true,"href":"https:\/\/www.bn.cv\/lojaonline\/wp-json\/wp\/v2\/product_cat?post=3821"},{"taxonomy":"product_tag","embeddable":true,"href":"https:\/\/www.bn.cv\/lojaonline\/wp-json\/wp\/v2\/product_tag?post=3821"}],"curies":[{"name":"wp","href":"https:\/\/api.w.org\/{rel}","templated":true}]}}