{"id":3795,"date":"2022-09-22T12:31:47","date_gmt":"2022-09-22T12:31:47","guid":{"rendered":"https:\/\/www.bn.cv\/lojaonline\/?post_type=product&#038;p=3795"},"modified":"2022-09-22T12:31:47","modified_gmt":"2022-09-22T12:31:47","slug":"as-ciencias-sociais-em-cabo-verde-tematicas-abordagens-e-perspectivas-teoricas","status":"publish","type":"product","link":"https:\/\/www.bn.cv\/lojaonline\/produto\/as-ciencias-sociais-em-cabo-verde-tematicas-abordagens-e-perspectivas-teoricas\/","title":{"rendered":"As Ci\u00eancias Sociais em Cabo Verde  Tem\u00e1ticas, Abordagens e Perspectivas Te\u00f3ricas"},"content":{"rendered":"","protected":false},"excerpt":{"rendered":"<p><strong>Editor<\/strong>: Edi\u00e7\u00f5es Uni-CV,2015<\/p>\n<p><strong>N\u00ba de P\u00e1ginas: <\/strong>489<\/p>\n","protected":false},"featured_media":3748,"comment_status":"open","ping_status":"closed","template":"","meta":{"_eb_attr":"","om_disable_all_campaigns":false,"_themeisle_gutenberg_block_has_review":false},"product_brand":[],"product_cat":[16],"product_tag":[],"class_list":{"0":"post-3795","1":"product","2":"type-product","3":"status-publish","4":"has-post-thumbnail","6":"product_cat-uncategorized","7":"pa_book-author-claudio-alves-furtado-pierre-laurent","9":"first","10":"instock","11":"shipping-taxable","12":"purchasable","13":"product-type-simple"},"aioseo_notices":[],"jetpack_sharing_enabled":true,"_links":{"self":[{"href":"https:\/\/www.bn.cv\/lojaonline\/wp-json\/wp\/v2\/product\/3795","targetHints":{"allow":["GET"]}}],"collection":[{"href":"https:\/\/www.bn.cv\/lojaonline\/wp-json\/wp\/v2\/product"}],"about":[{"href":"https:\/\/www.bn.cv\/lojaonline\/wp-json\/wp\/v2\/types\/product"}],"replies":[{"embeddable":true,"href":"https:\/\/www.bn.cv\/lojaonline\/wp-json\/wp\/v2\/comments?post=3795"}],"wp:featuredmedia":[{"embeddable":true,"href":"https:\/\/www.bn.cv\/lojaonline\/wp-json\/wp\/v2\/media\/3748"}],"wp:attachment":[{"href":"https:\/\/www.bn.cv\/lojaonline\/wp-json\/wp\/v2\/media?parent=3795"}],"wp:term":[{"taxonomy":"product_brand","embeddable":true,"href":"https:\/\/www.bn.cv\/lojaonline\/wp-json\/wp\/v2\/product_brand?post=3795"},{"taxonomy":"product_cat","embeddable":true,"href":"https:\/\/www.bn.cv\/lojaonline\/wp-json\/wp\/v2\/product_cat?post=3795"},{"taxonomy":"product_tag","embeddable":true,"href":"https:\/\/www.bn.cv\/lojaonline\/wp-json\/wp\/v2\/product_tag?post=3795"}],"curies":[{"name":"wp","href":"https:\/\/api.w.org\/{rel}","templated":true}]}}