{"id":3776,"date":"2022-09-22T11:04:01","date_gmt":"2022-09-22T11:04:01","guid":{"rendered":"https:\/\/www.bn.cv\/lojaonline\/?post_type=product&#038;p=3776"},"modified":"2022-09-22T11:04:01","modified_gmt":"2022-09-22T11:04:01","slug":"alfabetu-kauberdianu-un-pruposta-di-skrita-ku-storia-voltadu-pa-futuru","status":"publish","type":"product","link":"https:\/\/www.bn.cv\/lojaonline\/produto\/alfabetu-kauberdianu-un-pruposta-di-skrita-ku-storia-voltadu-pa-futuru\/","title":{"rendered":"Alfab\u00e9tu K\u00e1uberdi\u00e1nu  Un prup\u00f3sta di skrita ku st\u00f3ria volt\u00e1du pa futuru"},"content":{"rendered":"","protected":false},"excerpt":{"rendered":"<p><strong>Editor<\/strong>: IIPC, 2014<\/p>\n<p><strong>N\u00ba de P\u00e1ginas: <\/strong>238<\/p>\n","protected":false},"featured_media":3766,"comment_status":"open","ping_status":"closed","template":"","meta":{"_eb_attr":"","om_disable_all_campaigns":false,"_themeisle_gutenberg_block_has_review":false},"product_brand":[],"product_cat":[134],"product_tag":[],"class_list":{"0":"post-3776","1":"product","2":"type-product","3":"status-publish","4":"has-post-thumbnail","6":"product_cat-historias","7":"pa_book-author-t-v-da-silva","9":"first","10":"instock","11":"shipping-taxable","12":"purchasable","13":"product-type-simple"},"aioseo_notices":[],"jetpack_sharing_enabled":true,"_links":{"self":[{"href":"https:\/\/www.bn.cv\/lojaonline\/wp-json\/wp\/v2\/product\/3776","targetHints":{"allow":["GET"]}}],"collection":[{"href":"https:\/\/www.bn.cv\/lojaonline\/wp-json\/wp\/v2\/product"}],"about":[{"href":"https:\/\/www.bn.cv\/lojaonline\/wp-json\/wp\/v2\/types\/product"}],"replies":[{"embeddable":true,"href":"https:\/\/www.bn.cv\/lojaonline\/wp-json\/wp\/v2\/comments?post=3776"}],"wp:featuredmedia":[{"embeddable":true,"href":"https:\/\/www.bn.cv\/lojaonline\/wp-json\/wp\/v2\/media\/3766"}],"wp:attachment":[{"href":"https:\/\/www.bn.cv\/lojaonline\/wp-json\/wp\/v2\/media?parent=3776"}],"wp:term":[{"taxonomy":"product_brand","embeddable":true,"href":"https:\/\/www.bn.cv\/lojaonline\/wp-json\/wp\/v2\/product_brand?post=3776"},{"taxonomy":"product_cat","embeddable":true,"href":"https:\/\/www.bn.cv\/lojaonline\/wp-json\/wp\/v2\/product_cat?post=3776"},{"taxonomy":"product_tag","embeddable":true,"href":"https:\/\/www.bn.cv\/lojaonline\/wp-json\/wp\/v2\/product_tag?post=3776"}],"curies":[{"name":"wp","href":"https:\/\/api.w.org\/{rel}","templated":true}]}}