{"id":3733,"date":"2022-09-19T17:17:57","date_gmt":"2022-09-19T17:17:57","guid":{"rendered":"https:\/\/www.bn.cv\/lojaonline\/?post_type=product&#038;p=3733"},"modified":"2022-09-19T17:17:57","modified_gmt":"2022-09-19T17:17:57","slug":"cabral-no-cruzamento-de-epoca","status":"publish","type":"product","link":"https:\/\/www.bn.cv\/lojaonline\/produto\/cabral-no-cruzamento-de-epoca\/","title":{"rendered":"Cabral no Cruzamento de \u00c9poca"},"content":{"rendered":"","protected":false},"excerpt":{"rendered":"<p><strong>Comunica\u00e7\u00f5es e Discursos produzidos no II Simp\u00f3sio Internacional Am\u00edlcar Cabral <\/strong><\/p>\n<p><strong>Autor \/ Coordena\u00e7\u00e3o: <\/strong>Funda\u00e7\u00e3o Am\u00edlcar Cabral\u00a0 <strong>\u00a0<\/strong><\/p>\n<p><strong>Editor<\/strong>: Alfa Comunica\u00e7\u00f5es, 2005<\/p>\n<p><strong>N\u00ba de P\u00e1ginas: <\/strong>852<\/p>\n","protected":false},"featured_media":3726,"comment_status":"open","ping_status":"closed","template":"","meta":{"_eb_attr":"","om_disable_all_campaigns":false,"_themeisle_gutenberg_block_has_review":false},"product_brand":[],"product_cat":[39],"product_tag":[],"class_list":{"0":"post-3733","1":"product","2":"type-product","3":"status-publish","4":"has-post-thumbnail","6":"product_cat-bibliografia_memorias","8":"first","9":"instock","10":"shipping-taxable","11":"purchasable","12":"product-type-simple"},"aioseo_notices":[],"jetpack_sharing_enabled":true,"_links":{"self":[{"href":"https:\/\/www.bn.cv\/lojaonline\/wp-json\/wp\/v2\/product\/3733","targetHints":{"allow":["GET"]}}],"collection":[{"href":"https:\/\/www.bn.cv\/lojaonline\/wp-json\/wp\/v2\/product"}],"about":[{"href":"https:\/\/www.bn.cv\/lojaonline\/wp-json\/wp\/v2\/types\/product"}],"replies":[{"embeddable":true,"href":"https:\/\/www.bn.cv\/lojaonline\/wp-json\/wp\/v2\/comments?post=3733"}],"wp:featuredmedia":[{"embeddable":true,"href":"https:\/\/www.bn.cv\/lojaonline\/wp-json\/wp\/v2\/media\/3726"}],"wp:attachment":[{"href":"https:\/\/www.bn.cv\/lojaonline\/wp-json\/wp\/v2\/media?parent=3733"}],"wp:term":[{"taxonomy":"product_brand","embeddable":true,"href":"https:\/\/www.bn.cv\/lojaonline\/wp-json\/wp\/v2\/product_brand?post=3733"},{"taxonomy":"product_cat","embeddable":true,"href":"https:\/\/www.bn.cv\/lojaonline\/wp-json\/wp\/v2\/product_cat?post=3733"},{"taxonomy":"product_tag","embeddable":true,"href":"https:\/\/www.bn.cv\/lojaonline\/wp-json\/wp\/v2\/product_tag?post=3733"}],"curies":[{"name":"wp","href":"https:\/\/api.w.org\/{rel}","templated":true}]}}