{"id":3710,"date":"2022-09-15T18:01:42","date_gmt":"2022-09-15T18:01:42","guid":{"rendered":"https:\/\/www.bn.cv\/lojaonline\/?post_type=product&#038;p=3710"},"modified":"2022-09-15T18:01:42","modified_gmt":"2022-09-15T18:01:42","slug":"as-tramas-da-politica-extrapartidaria-em-cabo-verde-ensaios-sociologicos","status":"publish","type":"product","link":"https:\/\/www.bn.cv\/lojaonline\/produto\/as-tramas-da-politica-extrapartidaria-em-cabo-verde-ensaios-sociologicos\/","title":{"rendered":"As Tramas da Pol\u00edtica Extrapartid\u00e1ria em Cabo Verde:  Ensaios Sociol\u00f3gicos"},"content":{"rendered":"","protected":false},"excerpt":{"rendered":"<p><strong>Autor \/ Coordena\u00e7\u00e3o: <\/strong>Jos\u00e9 Carlos dos Anjos &amp; Marcelo Baptista<\/p>\n<p><strong>Editor<\/strong>: Uni-CV, 2010<\/p>\n<p><strong>N\u00ba de P\u00e1ginas: <\/strong>222<\/p>\n","protected":false},"featured_media":3685,"comment_status":"open","ping_status":"closed","template":"","meta":{"_eb_attr":"","om_disable_all_campaigns":false,"_themeisle_gutenberg_block_has_review":false},"product_brand":[],"product_cat":[106],"product_tag":[],"class_list":{"0":"post-3710","1":"product","2":"type-product","3":"status-publish","4":"has-post-thumbnail","6":"product_cat-politica","8":"first","9":"instock","10":"shipping-taxable","11":"purchasable","12":"product-type-simple"},"aioseo_notices":[],"jetpack_sharing_enabled":true,"_links":{"self":[{"href":"https:\/\/www.bn.cv\/lojaonline\/wp-json\/wp\/v2\/product\/3710","targetHints":{"allow":["GET"]}}],"collection":[{"href":"https:\/\/www.bn.cv\/lojaonline\/wp-json\/wp\/v2\/product"}],"about":[{"href":"https:\/\/www.bn.cv\/lojaonline\/wp-json\/wp\/v2\/types\/product"}],"replies":[{"embeddable":true,"href":"https:\/\/www.bn.cv\/lojaonline\/wp-json\/wp\/v2\/comments?post=3710"}],"wp:featuredmedia":[{"embeddable":true,"href":"https:\/\/www.bn.cv\/lojaonline\/wp-json\/wp\/v2\/media\/3685"}],"wp:attachment":[{"href":"https:\/\/www.bn.cv\/lojaonline\/wp-json\/wp\/v2\/media?parent=3710"}],"wp:term":[{"taxonomy":"product_brand","embeddable":true,"href":"https:\/\/www.bn.cv\/lojaonline\/wp-json\/wp\/v2\/product_brand?post=3710"},{"taxonomy":"product_cat","embeddable":true,"href":"https:\/\/www.bn.cv\/lojaonline\/wp-json\/wp\/v2\/product_cat?post=3710"},{"taxonomy":"product_tag","embeddable":true,"href":"https:\/\/www.bn.cv\/lojaonline\/wp-json\/wp\/v2\/product_tag?post=3710"}],"curies":[{"name":"wp","href":"https:\/\/api.w.org\/{rel}","templated":true}]}}