{"id":4100,"date":"2023-05-04T17:41:41","date_gmt":"2023-05-04T18:41:41","guid":{"rendered":"https:\/\/www.bn.cv\/lojaonline\/?page_id=4100"},"modified":"2023-05-05T15:34:54","modified_gmt":"2023-05-05T16:34:54","slug":"politica-de-venda-e-privacidade","status":"publish","type":"page","link":"https:\/\/www.bn.cv\/lojaonline\/politica-de-venda-e-privacidade\/","title":{"rendered":"Politica de venda e privacidade"},"content":{"rendered":"\n<div class=\"wp-block-columns is-layout-flex wp-container-core-columns-is-layout-9d6595d7 wp-block-columns-is-layout-flex\">\n<div class=\"wp-block-column is-layout-flow wp-block-column-is-layout-flow\">\n<p><strong>Funcionamento<\/strong><\/p>\n\n\n\n<p>A Livraria On-line da BNCV \u00e9 um servi\u00e7o que permite consultar o cat\u00e1logo de vendas da BNCV e fazer as suas encomendas atrav\u00e9s da internet. Este servi\u00e7o resulta da parceria estabelecida com os Correios de Cabo Verde, os quais assumem a responsabilidade (partilhada com a BNCV) da entrega de todas as encomendas efetuadas na nossa Livraria On-line. O servi\u00e7o de encomenda on-line funciona 24 horas. A entrega \u00e9, contudo, feita nos dias \u00fateis durante as horas de expediente.<\/p>\n\n\n\n<p><strong>Encomenda<\/strong><\/p>\n\n\n\n<p><a><\/a> A Livraria On-line da BNCV apresenta diferentes formas de envio da sua encomenda, de acordo com o local de entrega e\/ou levantamento, dentro ou fora do pa\u00eds. No checkout ser\u00e3o apresentadas v\u00e1rias op\u00e7\u00f5es de envio conforme o lugar de entrega, a saber: no caso das encomendas nacionais, para qualquer munic\u00edpio, podem ser levantadas nas lojas dos correios. No munic\u00edpio de S\u00e3o Vicente, o levantamento pode tamb\u00e9m ser feito na loja da BNCV, no Centro Cultural do Mindelo. Todos os levantamentos em territ\u00f3rio nacional est\u00e3o isentos de taxas adicionais, se forem feitos nas lojas dos correios e da BNCV. Em caso de pedidos para entrega a domic\u00edlios, tal servi\u00e7o ter\u00e1 um custo adicional (que vai de 150 a 300 escudos, dependendo da dist\u00e2ncia). As encomendas internacionais est\u00e3o sempre sujeitas a uma taxa adicional, variando a mesma de pa\u00eds para pa\u00eds. Os levantamentos podem ser feitos nas lojas dos correios mais pr\u00f3ximos da resid\u00eancia. Pode-se tamb\u00e9m optar pelo servi\u00e7o de entrega a domic\u00edlio, com os respetivos custos.<\/p>\n\n\n\n<p><strong>Tempo estimado de entrega no territ\u00f3rio nacional<\/strong><\/p>\n\n\n\n<p>O tempo m\u00e1ximo para entrega da encomenda \u00e9 estimado de acordo com a disponibilidade do stock. A entrega no pr\u00f3prio dia \u00fatil depois da valida\u00e7\u00e3o do pagamento (se a encomenda estiver em stock na loja dos correios, em qualquer ponto do pa\u00eds e na ilha de S\u00e3o Vicente, tamb\u00e9m na loja da BNCV, no Centro Cultural do Mindelo); at\u00e9 2 dias \u00fateis para entrega nos munic\u00edpios da ilha de santiago; entre 2 a 5 dias \u00fateis para os demais munic\u00edpios do pa\u00eds. Apesar do prazo de disponibilidade estipulado para cada encomenda, a BNCV e os Correios de Cabo Verde comprometem-se a, salvo indisponibilidade de stock, entregar os artigos encomendados num prazo m\u00e1ximo de 15 dias.<\/p>\n\n\n\n<p><br><strong>Tempo estimado de entrega no estrangeiro<\/strong><\/p>\n\n\n\n<p>O tempo m\u00e1ximo estimado para entrega do produto encomendado \u00e9 de 7 a 10 dias \u00fateis, conforme a disponibilidade do stock. Apesar do prazo de disponibilidade estipulado para cada encomenda, a BNCV e os Correios de Cabo Verde comprometem-se a, salvo indisponibilidade de stock, entregar os artigos encomendados num prazo m\u00e1ximo de 30 dias.<\/p>\n\n\n\n<p><strong>Pagamento<\/strong><\/p>\n\n\n\n<p>A BNCV e os Correios de Cabo Verde apresentam diferentes op\u00e7\u00f5es de pagamento (cart\u00f5es banc\u00e1rios, transfer\u00eancias banc\u00e1rias e na loja no momento de levantamento).<\/p>\n\n\n\n<p>Selecione a forma de pagamento<\/p>\n\n\n\n<p>Credit card; Debit card; Bank Transfer; Paypal; Pickup (pagamento na loja, mediante apresenta\u00e7\u00e3o do c\u00f3digo de reserva).<\/p>\n\n\n\n<p><strong>Privacidade<\/strong><\/p>\n\n\n\n<p>O Instituto da Biblioteca Nacional de Cabo Verde assegura a privacidade de quaisquer elementos de informa\u00e7\u00e3o pessoal que os utilizadores forne\u00e7am atrav\u00e9s deste servi\u00e7o. Os dados ser\u00e3o utilizados apenas para os prop\u00f3sitos em vista e n\u00e3o ser\u00e3o, em nenhumas circunst\u00e2ncias, transmitidos a outras pessoas ou organiza\u00e7\u00f5es.<\/p>\n\n\n\n<p><strong>Copyright<\/strong><\/p>\n\n\n\n<p>O conte\u00fado da base de dados \u00e9 propriedade do Instituto da Biblioteca Nacional de Cabo Verde.<\/p>\n\n\n\n<p><strong>Responsabilidade<\/strong><\/p>\n\n\n\n<p>O Instituto da Biblioteca Nacional de Cabo Verde e os Correios de Cabo Verde rejeitam qualquer responsabilidade derivada da utiliza\u00e7\u00e3o dos conte\u00fados desta aplica\u00e7\u00e3o e reservam-se o direito de efetuar, a qualquer momento, as altera\u00e7\u00f5es que entenderem necess\u00e1rias.<\/p>\n<\/div>\n<\/div>\n","protected":false},"excerpt":{"rendered":"<p>Funcionamento A Livraria On-line da BNCV \u00e9 um servi\u00e7o que permite consultar o cat\u00e1logo de vendas da BNCV e fazer as suas encomendas atrav\u00e9s da internet. Este servi\u00e7o resulta da parceria estabelecida com os Correios de Cabo Verde, os quais assumem a responsabilidade (partilhada com a BNCV) da entrega de todas as encomendas efetuadas na [&hellip;]<\/p>\n","protected":false},"author":1,"featured_media":0,"parent":0,"menu_order":0,"comment_status":"closed","ping_status":"closed","template":"","meta":{"_eb_attr":"","om_disable_all_campaigns":false,"_themeisle_gutenberg_block_has_review":false,"_body_classes":"","_disable_container":false,"_hide_page_header":false,"_hide_page_breadcrumb":false,"_header_style":"","_is_custom_header":false,"_header_static_content_id":0,"_footer_style":"","_is_custom_footer":false,"_footer_static_content_id":0,"footnotes":""},"class_list":["post-4100","page","type-page","status-publish","hentry"],"aioseo_notices":[],"jetpack_sharing_enabled":true,"_links":{"self":[{"href":"https:\/\/www.bn.cv\/lojaonline\/wp-json\/wp\/v2\/pages\/4100","targetHints":{"allow":["GET"]}}],"collection":[{"href":"https:\/\/www.bn.cv\/lojaonline\/wp-json\/wp\/v2\/pages"}],"about":[{"href":"https:\/\/www.bn.cv\/lojaonline\/wp-json\/wp\/v2\/types\/page"}],"author":[{"embeddable":true,"href":"https:\/\/www.bn.cv\/lojaonline\/wp-json\/wp\/v2\/users\/1"}],"replies":[{"embeddable":true,"href":"https:\/\/www.bn.cv\/lojaonline\/wp-json\/wp\/v2\/comments?post=4100"}],"version-history":[{"count":2,"href":"https:\/\/www.bn.cv\/lojaonline\/wp-json\/wp\/v2\/pages\/4100\/revisions"}],"predecessor-version":[{"id":4102,"href":"https:\/\/www.bn.cv\/lojaonline\/wp-json\/wp\/v2\/pages\/4100\/revisions\/4102"}],"wp:attachment":[{"href":"https:\/\/www.bn.cv\/lojaonline\/wp-json\/wp\/v2\/media?parent=4100"}],"curies":[{"name":"wp","href":"https:\/\/api.w.org\/{rel}","templated":true}]}}